{"id":96,"date":"2024-02-28T18:46:11","date_gmt":"2024-02-28T21:46:11","guid":{"rendered":"https:\/\/ci.unsa.edu.ar\/?page_id=96"},"modified":"2024-02-29T12:00:21","modified_gmt":"2024-02-29T15:00:21","slug":"normativas","status":"publish","type":"page","link":"https:\/\/ci.unsa.edu.ar\/index.php\/departamento-contable\/normativas\/","title":{"rendered":"Normativas"},"content":{"rendered":"<h4>Normativa de rendici\u00f3n de subsidios<\/h4>\n<h5>2020<\/h5>\n<p><span style=\"font-weight: 400;\"><a href=\"https:\/\/ci.unsa.edu.ar\/wp-content\/uploads\/2024\/02\/R-DR-2020-0734-RENDICION.pdf\" class=\"box-link\"><img decoding=\"async\" src=\"https:\/\/ci.unsa.edu.ar\/wp-content\/themes\/ciunsathemes\/img\/icono-pdf.svg\" alt=\"Icono PDF\" class=\"w-[40px] h-[40px]\"><span>Normativa 2020<\/span><\/a><\/span><\/p>\n<h5>2012<\/h5>\n<p><span style=\"font-weight: 400;\"><a href=\"https:\/\/ci.unsa.edu.ar\/wp-content\/uploads\/2024\/02\/R-CS-2012-0222-RENDICION.pdf\" class=\"box-link\"><img decoding=\"async\" src=\"https:\/\/ci.unsa.edu.ar\/wp-content\/themes\/ciunsathemes\/img\/icono-pdf.svg\" alt=\"Icono PDF\" class=\"w-[40px] h-[40px]\"><span>Normativa 2012 <\/span><\/a><\/span><\/p>\n<h5>1999<\/h5>\n<p><span style=\"font-weight: 400;\"><a href=\"https:\/\/ci.unsa.edu.ar\/wp-content\/uploads\/2024\/02\/R-CS-1999-0432-RENDICION.pdf\" class=\"box-link\"><img decoding=\"async\" src=\"https:\/\/ci.unsa.edu.ar\/wp-content\/themes\/ciunsathemes\/img\/icono-pdf.svg\" alt=\"Icono PDF\" class=\"w-[40px] h-[40px]\"><span>Normativa 1999 <\/span><\/a><\/span><\/p>\n<p>&nbsp;<\/p>\n<h4>Normativa de rendici\u00f3n de Vi\u00e1ticos<\/h4>\n<p><span style=\"font-weight: 400;\"><a href=\"https:\/\/ci.unsa.edu.ar\/wp-content\/uploads\/2024\/02\/R-CS-2023-419-ESCALA-VIATICOS-OCTUBRE-2023.pdf\" class=\"box-link\"><img decoding=\"async\" src=\"https:\/\/ci.unsa.edu.ar\/wp-content\/themes\/ciunsathemes\/img\/icono-pdf.svg\" alt=\"Icono PDF\" class=\"w-[40px] h-[40px]\"><span>Normativa Vi\u00e1ticos <\/span><\/a><\/span><\/p>\n<p>&nbsp;<\/p>\n<p>&nbsp;<\/p>\n<p>&nbsp;<\/p>\n","protected":false},"excerpt":{"rendered":"<p>Normativa de rendici\u00f3n de subsidios 2020 2012 1999 &nbsp; Normativa de rendici\u00f3n de Vi\u00e1ticos &nbsp; &nbsp; &nbsp;<\/p>\n","protected":false},"author":1,"featured_media":0,"parent":69,"menu_order":0,"comment_status":"closed","ping_status":"closed","template":"","meta":{"_acf_changed":false,"footnotes":""},"class_list":["post-96","page","type-page","status-publish","hentry"],"acf":[],"_links":{"self":[{"href":"https:\/\/ci.unsa.edu.ar\/index.php\/wp-json\/wp\/v2\/pages\/96","targetHints":{"allow":["GET"]}}],"collection":[{"href":"https:\/\/ci.unsa.edu.ar\/index.php\/wp-json\/wp\/v2\/pages"}],"about":[{"href":"https:\/\/ci.unsa.edu.ar\/index.php\/wp-json\/wp\/v2\/types\/page"}],"author":[{"embeddable":true,"href":"https:\/\/ci.unsa.edu.ar\/index.php\/wp-json\/wp\/v2\/users\/1"}],"replies":[{"embeddable":true,"href":"https:\/\/ci.unsa.edu.ar\/index.php\/wp-json\/wp\/v2\/comments?post=96"}],"version-history":[{"count":7,"href":"https:\/\/ci.unsa.edu.ar\/index.php\/wp-json\/wp\/v2\/pages\/96\/revisions"}],"predecessor-version":[{"id":180,"href":"https:\/\/ci.unsa.edu.ar\/index.php\/wp-json\/wp\/v2\/pages\/96\/revisions\/180"}],"up":[{"embeddable":true,"href":"https:\/\/ci.unsa.edu.ar\/index.php\/wp-json\/wp\/v2\/pages\/69"}],"wp:attachment":[{"href":"https:\/\/ci.unsa.edu.ar\/index.php\/wp-json\/wp\/v2\/media?parent=96"}],"curies":[{"name":"wp","href":"https:\/\/api.w.org\/{rel}","templated":true}]}}