{"id":826,"date":"2024-10-04T16:13:25","date_gmt":"2024-10-04T19:13:25","guid":{"rendered":"https:\/\/ci.unsa.edu.ar\/?page_id=826"},"modified":"2026-03-03T13:47:37","modified_gmt":"2026-03-03T16:47:37","slug":"contrataciones-y-compras","status":"publish","type":"page","link":"https:\/\/ci.unsa.edu.ar\/index.php\/contrataciones-y-compras\/","title":{"rendered":"Contrataciones y Compras"},"content":{"rendered":"<h4 style=\"text-align: center;\"><strong><span style=\"color: #000080;\">CONTRATACI\u00d3N DIRECTA TRAMITE POR MONTO REDUCIDO &#8211; CIUNSA<\/span><\/strong><\/h4>\n<hr \/>\n<p><strong>Tr\u00e1mite Monto Reducido\u00a0 N\u00b0 01\/2.026 \u2013 compra de insumos de electricidad en el marco del Proyecto de Desarrollo Tecnol\u00f3gico y Social (PDTS-CIN-UNIUEAR) denominado \u201cEnerg\u00eda y control digital\u201d Resoluci\u00f3n P. N\u00b0 522\/25 del Consejo Interuniversitario Nacional.<\/strong><\/p>\n<p><strong>Expediente N\u00ba: CI-22\/2026- CIUNSA-UNSa<\/strong><\/p>\n<p><span style=\"color: #ff0000;\"><strong>Fecha de presentaci\u00f3n y apertura de ofertas hasta el d\u00eda: 05-03-2026 a las 10:00 hs.\u00a0<\/strong><\/span><\/p>\n<p><a href=\"https:\/\/ci.unsa.edu.ar\/wp-content\/uploads\/2026\/03\/ANEXO-RES-70-2026.pdf\">Pliego de bases y condiciones particulares<\/a><\/p>\n<p><a href=\"https:\/\/ci.unsa.edu.ar\/wp-content\/uploads\/2026\/03\/DECLARACION-JURADA-DE-INTERESES-DECRETO-2022017.pdf\">Declaraci\u00f3n Jurada de Intereses<\/a><\/p>\n<p><a href=\"https:\/\/ci.unsa.edu.ar\/wp-content\/uploads\/2026\/03\/R-CI-2026-0070.pdf\">Resoluci\u00f3n N\u00ba 70\/2026.<\/a><\/p>\n<hr \/>\n<p style=\"font-weight: 400;\"><strong>Tr\u00e1mite Monto Reducido\u00a0 N\u00b0 04\/2.025, segunda convocatoria \u2013 Contrataci\u00f3n de un servicio profesional de programador en el marco del Proyecto de Desarrollo Tecnol\u00f3gico y Social (PDTS-CIN-UNIUEAR) denominado \u201cEnerg\u00eda y control digital\u201d Resoluci\u00f3n P. N\u00b0 522\/25 del Consejo Interuniversitario Nacional.<\/strong><\/p>\n<p>&nbsp;<\/p>\n<p style=\"font-weight: 400;\"><strong>Expediente N\u00ba: CI-17\/2026- CIUNSA-UNSa<\/strong><\/p>\n<p style=\"font-weight: 400;\"><span style=\"color: #ff0000;\"><strong>Fecha de presentaci\u00f3n y apertura de ofertas hasta el d\u00eda: 24-02-2026 a las 10:00 hs.<\/strong><\/span><\/p>\n<p><a href=\"https:\/\/ci.unsa.edu.ar\/wp-content\/uploads\/2026\/02\/R-CI-2026-0002-ANEXO-I-PLIEGOS-DE-BASES-Y-CONDICIONES-PARTICULARES.pdf\">Pliego de bases y condiciones particulares<\/a><\/p>\n<p><a href=\"https:\/\/ci.unsa.edu.ar\/wp-content\/uploads\/2026\/02\/DECLARACION-JURADA-DE-INTERESES-DECRETO-2022017.pdf\">Declaraci\u00f3n Jurada de Intereses<\/a><\/p>\n<p><a href=\"https:\/\/ci.unsa.edu.ar\/wp-content\/uploads\/2026\/02\/R-CI-2026-0002.pdf\">Resolucion N\u00b0 002\/2026-CI.<\/a><\/p>\n<p>&nbsp;<\/p>\n<hr \/>\n<p style=\"font-weight: 400;\"><strong>Tr\u00e1mite Monto Reducido\u00a0 \u2013\u00a0 N\u00b0 03\/2025 \u2013 Adquisici\u00f3n de equipos inform\u00e1ticos para distintos sectores del edificio del Ciunsa de la Universidad Nacional de Salta.<\/strong><\/p>\n<p style=\"font-weight: 400;\"><strong>Expediente N\u00ba: CI-63\/2025- CIUNSA-UNSa<\/strong><\/p>\n<p style=\"font-weight: 400;\"><strong><span style=\"color: #ff0000;\">Fecha de presentaci\u00f3n y apertura de ofertas hasta el d\u00eda: 31-10-2025 a las 11:00 hs.<\/span><\/strong><\/p>\n<p>&nbsp;<\/p>\n<p><a href=\"https:\/\/ci.unsa.edu.ar\/wp-content\/uploads\/2025\/10\/02-ANEXO-I-PLIEGO-DE-CONDICIONES.pdf\">Pliego de bases y condiciones particulares<\/a><\/p>\n<p><a href=\"https:\/\/ci.unsa.edu.ar\/wp-content\/uploads\/2025\/10\/03-DECLARACION-JURADA-DE-INTERESES-DECRETO-202-2017.pdf\">Declaraci\u00f3n Jurada de Intereses f.202<\/a><\/p>\n<p><a href=\"https:\/\/ci.unsa.edu.ar\/wp-content\/uploads\/2025\/10\/01-Resolucion-666.pdf\">Resoluci\u00f3n N\u00ba 666\/2025-CI.<\/a><\/p>\n<hr \/>\n<p><span style=\"color: #000000;\">Tr\u00e1mite Monto Reducido\u00a0\u2013\u00a0 N\u00b0 02\/2024 \u2013 Adquisici\u00f3n de art\u00edculos de limpieza para distintas oficinas del Ciunsa de la Universidad Nacional de Salta.<\/span><\/p>\n<p><span style=\"color: #000000;\">\u00a0Expediente N\u00ba: CI-33\/2025- CIUNSA-unas<\/span><\/p>\n<p><span style=\"color: #ff0000;\">Fecha de presentaci\u00f3n y apertura de ofertas hasta el d\u00eda: 06-04-2025 a las 11:00 hs<\/span><\/p>\n<p>&nbsp;<\/p>\n<p><a href=\"https:\/\/ci.unsa.edu.ar\/wp-content\/uploads\/2025\/05\/7.02-PLIEGO-ANEXO-RES-140.pdf\"><span style=\"color: blue;\">Pliego de bases y condiciones particulares<\/span><\/a><\/p>\n<p><a href=\"https:\/\/ci.unsa.edu.ar\/wp-content\/uploads\/2025\/05\/DECLARACION-JURADA-DE-INTERESES-DECRETO-2022017-3-1.pdf\"><span style=\"color: blue;\">Declaraci\u00f3n Jurada de Intereses f.202<\/span><\/a><\/p>\n<p><a href=\"https:\/\/ci.unsa.edu.ar\/wp-content\/uploads\/2025\/05\/7.01-RES-140.pdf\"><span style=\"color: blue;\">Resoluci\u00f3n N\u00ba 140\/2025.<\/span><\/a><\/p>\n<hr \/>\n<p class=\"yiv4606718818msonormal\"><span style=\"color: #000000;\">Tr\u00e1mite Monto Reducido \u2013\u00a0 N\u00b0 01\/2025 \u2013 Adquisici\u00f3n de insumos de computaci\u00f3n para distintas oficinas del Ciunsa de la Universidad Nacional de Salta.<\/span><\/p>\n<p class=\"yiv4606718818msonormal\"><span style=\"color: #000000;\">Expediente N\u00ba: CI-32\/2025- CIUNSA-UNSa<\/span><\/p>\n<p class=\"yiv4606718818msonormal\"><span style=\"color: #92d050;\"><span style=\"color: #ff0000;\">Fecha de presentaci\u00f3n y apertura de ofertas hasta el d\u00eda: 04-06-2025 a las 11:00 hs.\u00a0<\/span>\u00a0<\/span><\/p>\n<p>&nbsp;<\/p>\n<p class=\"yiv4606718818msonormal\"><a href=\"https:\/\/ci.unsa.edu.ar\/wp-content\/uploads\/2025\/05\/7.02-PLIEGOS-ANEXO-RES-138.pdf\"><span style=\"color: blue;\">Pliego de bases y condiciones particulares<\/span><\/a><\/p>\n<p class=\"yiv4606718818msonormal\"><span style=\"color: blue;\"><a href=\"https:\/\/ci.unsa.edu.ar\/wp-content\/uploads\/2025\/05\/DECLARACION-JURADA-DE-INTERESES-DECRETO-2022017-3.pdf\">Declaraci\u00f3n Jurada de Intereses f.202<\/a><\/span><\/p>\n<p class=\"yiv4606718818msonormal\"><a href=\"https:\/\/ci.unsa.edu.ar\/wp-content\/uploads\/2025\/05\/7.01-RES-138.pdf\"><span style=\"color: blue;\">Resoluci\u00f3n N\u00ba 138\/2025.<\/span><\/a><\/p>\n<hr \/>\n<p>&nbsp;<\/p>\n<p class=\"yiv9641454480ydp241493c5yiv4786099325MsoNormal\"><span style=\"color: #000000;\">Tr\u00e1mite Monto Reducido\u00a0 \u2013\u00a0 N\u00b0 03\/2024 \u2013 Adquisici\u00f3n de mobiliario para distintas oficinas del Ciunsa de la Universidad Nacional de Salta.<\/span><\/p>\n<p class=\"yiv9641454480ydp241493c5yiv4786099325MsoNormal\"><span style=\"color: #000000;\">Expediente N\u00ba: CI-208\/2024- CIUNSA-UNSa<\/span><\/p>\n<p><span style=\"color: #ff0000;\">Fecha de presentaci\u00f3n y apertura de ofertas hasta el d\u00eda: 07-11-2024 a las 11:00 hs.<\/span><\/p>\n<p>&nbsp;<\/p>\n<p class=\"yiv9641454480ydp241493c5yiv4786099325MsoNormal\"><a href=\"https:\/\/ci.unsa.edu.ar\/wp-content\/uploads\/2024\/11\/Pliegos-mobiliarios.pdf\"><span style=\"color: #0000ff;\">Pliego de bases y condiciones particulares<\/span><\/a><\/p>\n<p class=\"yiv9641454480ydp241493c5yiv4786099325MsoNormal\"><a href=\"https:\/\/ci.unsa.edu.ar\/wp-content\/uploads\/2024\/11\/DECLARACION-JURADA-DE-INTERESES-DECRETO-2022017-2.pdf\"><span style=\"color: #0000ff;\">Declaraci\u00f3n Jurada de Intereses f.202<\/span><\/a><\/p>\n<p class=\"yiv9641454480ydp241493c5yiv4786099325MsoNormal\"><a href=\"https:\/\/ci.unsa.edu.ar\/wp-content\/uploads\/2024\/11\/Res-578-CI-2024.pdf\"><span style=\"color: #0000ff;\">Resoluci\u00f3n N\u00ba 578\/2024<\/span><\/a><\/p>\n<p><a href=\"https:\/\/ci.unsa.edu.ar\/wp-content\/uploads\/2024\/11\/Especificaciones-Tecnica.pdf\"><span style=\"color: #0000ff;\">Especificaciones T\u00e9cnica<\/span><\/a><\/p>\n<hr \/>\n<p>&nbsp;<\/p>\n<p class=\"yiv7547070865MsoNormal\"><span style=\"color: #000000;\">Tr\u00e1mite Monto Reducido\u00a0 \u2013\u00a0 N\u00b0 01\/2024 \u2013 Adquisici\u00f3n de materiales para la realizaci\u00f3n del cierre de las oficinas del Dpto de Becas y Patrimonio del Ciunsa de la Universidad Nacional de Salta.<\/span><\/p>\n<p class=\"yiv7547070865MsoNormal\"><span style=\"color: #000000;\">Expediente N\u00ba: CI-16.016\/2024- CIUNSA-UNSa<\/span><\/p>\n<p class=\"yiv7547070865MsoNormal\"><span style=\"color: #ff0000;\">Fecha de presentaci\u00f3n y apertura de ofertas hasta el d\u00eda: 04-11-2024 a las 11:00 hs.<\/span><\/p>\n<p>&nbsp;<\/p>\n<p class=\"yiv7547070865MsoNormal\"><a href=\"https:\/\/ci.unsa.edu.ar\/wp-content\/uploads\/2024\/10\/Res-577-24.-Anexo-I.pdf\"><span style=\"color: #0000ff;\">Pliego de bases y condiciones particulares<\/span><\/a><\/p>\n<p class=\"yiv7547070865MsoNormal\"><a href=\"https:\/\/ci.unsa.edu.ar\/wp-content\/uploads\/2024\/10\/DECLARACION-JURADA-DE-INTERESES-DECRETO-2022017-1.pdf\"><span style=\"color: #0000ff;\">Declaraci\u00f3n Jurada de Intereses f.202<\/span><\/a><\/p>\n<p class=\"yiv7547070865MsoNormal\"><a href=\"https:\/\/ci.unsa.edu.ar\/wp-content\/uploads\/2024\/10\/R-CI-2024-0577.pdf\"><span style=\"color: #0000ff;\">Resoluci\u00f3n N\u00ba 577\/2024-CI<\/span><\/a><\/p>\n<hr \/>\n<p>&nbsp;<\/p>\n<p class=\"yiv3506069462MsoNormal\"><span style=\"color: #000000;\">Contrataci\u00f3n directa por razones de urgencia \u2013\u00a0 N\u00b0 01\/2024 \u2013 Adquisici\u00f3n de un aire acondicionado para la sala de reuniones del Ciunsa de la Universidad Nacional de Salta.<\/span><\/p>\n<p class=\"yiv3506069462MsoNormal\"><span style=\"color: #000000;\">Expediente N\u00ba: CI-221\/2024- CIUNSA-UNSa<\/span><\/p>\n<p class=\"yiv3506069462MsoNormal\"><span style=\"color: #ff0000;\">Fecha de presentaci\u00f3n y apertura de ofertas hasta el d\u00eda: 25-10-2024 a las 11:00 hs.\u00a0\u00a0<\/span><\/p>\n<p>&nbsp;<\/p>\n<p class=\"yiv3506069462MsoNormal\"><a href=\"https:\/\/ci.unsa.edu.ar\/wp-content\/uploads\/2024\/10\/PLIEGO-DE-BASES-Y-CONDICIONES.pdf\"><span style=\"color: #0000ff;\">Pliego de bases y condiciones particulares<\/span><\/a><\/p>\n<p class=\"yiv3506069462MsoNormal\"><a href=\"https:\/\/ci.unsa.edu.ar\/wp-content\/uploads\/2024\/10\/DECLARACION-JURADA-DE-INTERESES-DECRETO-2022017-1.pdf\"><span style=\"color: #0000ff;\">Declaraci\u00f3n Jurada de Intereses f.202<\/span><\/a><\/p>\n<p class=\"yiv3506069462MsoNormal\"><a href=\"https:\/\/ci.unsa.edu.ar\/wp-content\/uploads\/2024\/10\/R-CI-2024-0569.pdf\"><span style=\"color: #0000ff;\">Resoluci\u00f3n N\u00ba 569\/2024<\/span><\/a><\/p>\n<hr \/>\n<p>&nbsp;<\/p>\n<p class=\"yiv8395186361MsoNormal\"><span style=\"color: #000000;\">Tr\u00e1mite Monto Reducido\u00a0 \u2013\u00a0 N\u00b0 02\/2024 \u2013 Adquisici\u00f3n de art\u00edculos de librer\u00eda para distintas oficinas del Ciunsa de la Universidad Nacional de Salta.<\/span><\/p>\n<p class=\"yiv8395186361MsoNormal\"><span style=\"color: #000000;\">Expediente N\u00ba: CI-209\/2024- CIUNSA-UNSa\u00a0\u00a0<\/span><\/p>\n<p class=\"yiv8340855710MsoNormal\"><span style=\"color: #ff0000;\">Fecha de presentaci\u00f3n y apertura de ofertas hasta el d\u00eda: 16-10-2024 a las 11:00 hs.<\/span><\/p>\n<p>&nbsp;<\/p>\n<p class=\"yiv8340855710MsoNormal\"><a href=\"https:\/\/ci.unsa.edu.ar\/wp-content\/uploads\/2024\/10\/03.1-Anexo-Res-563-PLIEGO-DE-CONDICIONES-PARTICULARES.pdf\"><span style=\"color: #0000ff;\">Pliego de bases y condiciones particulares<\/span><\/a><\/p>\n<p class=\"yiv8340855710MsoNormal\"><a href=\"https:\/\/ci.unsa.edu.ar\/wp-content\/uploads\/2024\/10\/DECLARACION-JURADA-DE-INTERESES-DECRETO-2022017.pdf\"><span style=\"color: #0000ff;\">Declaraci\u00f3n Jurada de Intereses f.202<\/span><\/a><\/p>\n<p class=\"yiv8340855710MsoNormal\"><a href=\"https:\/\/ci.unsa.edu.ar\/wp-content\/uploads\/2024\/10\/Res-562-CI.pdf\"><span style=\"color: #0000ff;\">Resoluci\u00f3n N\u00ba 563\/2024<\/span><\/a><\/p>\n<hr \/>\n<p>&nbsp;<\/p>\n<p class=\"yiv3144647285MsoNormal\"><span style=\"color: #000000;\">Tr\u00e1mite Monto Reducido\u00a0 \u2013\u00a0 N\u00b0 01\/2024 \u2013 Adquisici\u00f3n de materiales para cierre de oficinas de Patrimonio y Becas del Ciunsa de la Universidad Nacional de Salta.<\/span><\/p>\n<p class=\"yiv3144647285MsoNormal\"><span style=\"color: #000000;\">Expediente N\u00ba: 16.016\/2024- CIUNSA-UNSa<\/span><\/p>\n<p class=\"yiv3144647285MsoNormal\"><span style=\"color: #800000;\"><span style=\"color: #993300;\"><span style=\"color: #ff0000;\">Fecha de presentaci\u00f3n y apertura de ofertas hasta el d\u00eda: 14-10-2024 a las 11:00 h<\/span>s<\/span>.<\/span><\/p>\n<p>&nbsp;<\/p>\n<p class=\"yiv3144647285MsoNormal\"><a href=\"https:\/\/ci.unsa.edu.ar\/wp-content\/uploads\/2024\/10\/Anexo-Res-562-PLIEGO-DE-BASES-Y-CONDICIONES-PARTICULARES.pdf\">Pliego de bases y condiciones particulares<\/a><\/p>\n<p class=\"yiv3144647285MsoNormal\"><a href=\"https:\/\/ci.unsa.edu.ar\/wp-content\/uploads\/2024\/10\/DECLARACION-JURADA-DE-INTERESES-DECRETO-202-2017.pdf\">Declaraci\u00f3n Jurada de Intereses f.202<\/a><\/p>\n<p class=\"yiv3144647285MsoNormal\"><a href=\"https:\/\/ci.unsa.edu.ar\/wp-content\/uploads\/2024\/10\/Res-562-CI.pdf\">Resoluci\u00f3n N\u00ba 562\/2024<\/a><\/p>\n","protected":false},"excerpt":{"rendered":"<p>CONTRATACI\u00d3N DIRECTA TRAMITE POR MONTO REDUCIDO &#8211; CIUNSA Tr\u00e1mite Monto Reducido\u00a0 N\u00b0 01\/2.026 \u2013 compra de insumos de electricidad en el marco del Proyecto de Desarrollo Tecnol\u00f3gico y Social (PDTS-CIN-UNIUEAR) denominado \u201cEnerg\u00eda y control digital\u201d Resoluci\u00f3n P. N\u00b0 522\/25 del Consejo Interuniversitario Nacional. Expediente N\u00ba: CI-22\/2026- CIUNSA-UNSa Fecha de presentaci\u00f3n y apertura de ofertas hasta [&hellip;]<\/p>\n","protected":false},"author":1,"featured_media":1203,"parent":0,"menu_order":1,"comment_status":"closed","ping_status":"closed","template":"","meta":{"_acf_changed":false,"footnotes":""},"class_list":["post-826","page","type-page","status-publish","has-post-thumbnail","hentry"],"acf":[],"_links":{"self":[{"href":"https:\/\/ci.unsa.edu.ar\/index.php\/wp-json\/wp\/v2\/pages\/826","targetHints":{"allow":["GET"]}}],"collection":[{"href":"https:\/\/ci.unsa.edu.ar\/index.php\/wp-json\/wp\/v2\/pages"}],"about":[{"href":"https:\/\/ci.unsa.edu.ar\/index.php\/wp-json\/wp\/v2\/types\/page"}],"author":[{"embeddable":true,"href":"https:\/\/ci.unsa.edu.ar\/index.php\/wp-json\/wp\/v2\/users\/1"}],"replies":[{"embeddable":true,"href":"https:\/\/ci.unsa.edu.ar\/index.php\/wp-json\/wp\/v2\/comments?post=826"}],"version-history":[{"count":31,"href":"https:\/\/ci.unsa.edu.ar\/index.php\/wp-json\/wp\/v2\/pages\/826\/revisions"}],"predecessor-version":[{"id":1247,"href":"https:\/\/ci.unsa.edu.ar\/index.php\/wp-json\/wp\/v2\/pages\/826\/revisions\/1247"}],"wp:featuredmedia":[{"embeddable":true,"href":"https:\/\/ci.unsa.edu.ar\/index.php\/wp-json\/wp\/v2\/media\/1203"}],"wp:attachment":[{"href":"https:\/\/ci.unsa.edu.ar\/index.php\/wp-json\/wp\/v2\/media?parent=826"}],"curies":[{"name":"wp","href":"https:\/\/api.w.org\/{rel}","templated":true}]}}