{"id":75,"date":"2024-02-28T15:37:29","date_gmt":"2024-02-28T18:37:29","guid":{"rendered":"https:\/\/ci.unsa.edu.ar\/?page_id=75"},"modified":"2026-02-03T10:32:55","modified_gmt":"2026-02-03T13:32:55","slug":"institucional","status":"publish","type":"page","link":"https:\/\/ci.unsa.edu.ar\/index.php\/institucional\/","title":{"rendered":"Institucional"},"content":{"rendered":"<h4>Pr\u00f3logo a una Pol\u00edtica de Investigaci\u00f3n<\/h4>\n<blockquote><p><em>&#8220;No basta el Documento. Definirlo no es tarea dif\u00edcil. Muchas veces sobran normas o pautas. Todos estamos comprometidos en el nacimiento de una Universidad nueva que, en su filosof\u00eda e instrumentaci\u00f3n acad\u00e9mica, sirva a los fines de la recon<code><strong><strong>strucci\u00f3n y liberaci\u00f3n del pueblo, ensamblada en los grandes objetivos nacionales.\"<\/strong><\/strong><\/code><\/em><\/p>\n<p>&nbsp;<\/p>\n<p><em><strong>-Arturo O\u00f1ativia<\/strong><\/em><\/p><\/blockquote>\n<p>&nbsp;<\/p>\n<hr data-path-to-node=\"5\" \/>\n<h4 data-path-to-node=\"6\">Misi\u00f3n y Funciones<\/h4>\n<p data-path-to-node=\"7\">El Consejo de Investigaci\u00f3n es el organismo t\u00e9cnico de la Universidad Nacional de Salta encargado de promover, coordinar y fiscalizar la actividad cient\u00edfica y tecnol\u00f3gica. Bajo el legado de sus fundadores, buscamos una ciencia aplicada a las necesidades de nuestra regi\u00f3n y del pa\u00eds.<\/p>\n<p>&nbsp;<\/p>\n<p><b data-path-to-node=\"4\" data-index-in-node=\"0\">Funciones:<\/b> Definici\u00f3n de lineamientos pol\u00edticos y estrat\u00e9gicos, presidencia del Consejo Directivo y representaci\u00f3n ante organismos nacionales (CIN, CONICET, Agencia).<\/p>\n","protected":false},"excerpt":{"rendered":"<p>Pr\u00f3logo a una Pol\u00edtica de Investigaci\u00f3n &#8220;No basta el Documento. Definirlo no es tarea dif\u00edcil. Muchas veces sobran normas o pautas. Todos estamos comprometidos en el nacimiento de una Universidad nueva que, en su filosof\u00eda e instrumentaci\u00f3n acad\u00e9mica, sirva a los fines de la reconstrucci\u00f3n y liberaci\u00f3n del pueblo, ensamblada en los grandes objetivos nacionales.&#8221; [&hellip;]<\/p>\n","protected":false},"author":1,"featured_media":1206,"parent":0,"menu_order":0,"comment_status":"closed","ping_status":"closed","template":"page-institucional.php","meta":{"_acf_changed":false,"footnotes":""},"class_list":["post-75","page","type-page","status-publish","has-post-thumbnail","hentry"],"acf":[],"_links":{"self":[{"href":"https:\/\/ci.unsa.edu.ar\/index.php\/wp-json\/wp\/v2\/pages\/75","targetHints":{"allow":["GET"]}}],"collection":[{"href":"https:\/\/ci.unsa.edu.ar\/index.php\/wp-json\/wp\/v2\/pages"}],"about":[{"href":"https:\/\/ci.unsa.edu.ar\/index.php\/wp-json\/wp\/v2\/types\/page"}],"author":[{"embeddable":true,"href":"https:\/\/ci.unsa.edu.ar\/index.php\/wp-json\/wp\/v2\/users\/1"}],"replies":[{"embeddable":true,"href":"https:\/\/ci.unsa.edu.ar\/index.php\/wp-json\/wp\/v2\/comments?post=75"}],"version-history":[{"count":50,"href":"https:\/\/ci.unsa.edu.ar\/index.php\/wp-json\/wp\/v2\/pages\/75\/revisions"}],"predecessor-version":[{"id":1210,"href":"https:\/\/ci.unsa.edu.ar\/index.php\/wp-json\/wp\/v2\/pages\/75\/revisions\/1210"}],"wp:featuredmedia":[{"embeddable":true,"href":"https:\/\/ci.unsa.edu.ar\/index.php\/wp-json\/wp\/v2\/media\/1206"}],"wp:attachment":[{"href":"https:\/\/ci.unsa.edu.ar\/index.php\/wp-json\/wp\/v2\/media?parent=75"}],"curies":[{"name":"wp","href":"https:\/\/api.w.org\/{rel}","templated":true}]}}