{"id":73,"date":"2024-02-28T15:37:16","date_gmt":"2024-02-28T18:37:16","guid":{"rendered":"https:\/\/ci.unsa.edu.ar\/?page_id=73"},"modified":"2026-02-03T09:34:18","modified_gmt":"2026-02-03T12:34:18","slug":"comunidad-ciunsa","status":"publish","type":"page","link":"https:\/\/ci.unsa.edu.ar\/index.php\/comunidad-ciunsa\/","title":{"rendered":"Comunidad CIUNSa"},"content":{"rendered":"<h3 data-path-to-node=\"3\">Comunidad CIUNSa<\/h3>\n<p data-path-to-node=\"4\">El espacio de vinculaci\u00f3n y difusi\u00f3n cient\u00edfica del Consejo de Investigaci\u00f3n tiene como objetivo visibilizar la producci\u00f3n acad\u00e9mica de la Universidad Nacional de Salta. A trav\u00e9s de este portal, se socializan los resultados de investigaciones, jornadas de fortalecimiento y publicaciones que contribuyen al desarrollo del conocimiento en la regi\u00f3n del NOA.<\/p>\n<h4 data-path-to-node=\"5\">Actualidad y Divulgaci\u00f3n<\/h4>\n<ul data-path-to-node=\"6\">\n<li>\n<p data-path-to-node=\"6,0,0\"><b data-path-to-node=\"6,0,0\" data-index-in-node=\"0\">Jornadas de Fortalecimiento de la Investigaci\u00f3n:<\/b> Publicaci\u00f3n del Libro de Res\u00famenes de la Primera Jornada de Fortalecimiento de la Investigaci\u00f3n del NOA. Este documento compila las ponencias y avances presentados por investigadores locales, fomentando el intercambio interdisciplinario.<\/p>\n<\/li>\n<li>\n<p data-path-to-node=\"6,1,0\"><b data-path-to-node=\"6,1,0\" data-index-in-node=\"0\">Conferencias y Transferencia:<\/b> Ciclo de disertaciones sobre el uso medicinal del cannabis y su impacto en la econom\u00eda del conocimiento. Registro de las principales conclusiones y aportes realizados durante el encuentro de diciembre 2025.<\/p>\n<\/li>\n<\/ul>\n","protected":false},"excerpt":{"rendered":"<p>Comunidad CIUNSa El espacio de vinculaci\u00f3n y difusi\u00f3n cient\u00edfica del Consejo de Investigaci\u00f3n tiene como objetivo visibilizar la producci\u00f3n acad\u00e9mica de la Universidad Nacional de Salta. A trav\u00e9s de este portal, se socializan los resultados de investigaciones, jornadas de fortalecimiento y publicaciones que contribuyen al desarrollo del conocimiento en la regi\u00f3n del NOA. Actualidad y [&hellip;]<\/p>\n","protected":false},"author":1,"featured_media":1207,"parent":0,"menu_order":0,"comment_status":"closed","ping_status":"closed","template":"page-listado-revista.php","meta":{"_acf_changed":false,"footnotes":""},"class_list":["post-73","page","type-page","status-publish","has-post-thumbnail","hentry"],"acf":[],"_links":{"self":[{"href":"https:\/\/ci.unsa.edu.ar\/index.php\/wp-json\/wp\/v2\/pages\/73","targetHints":{"allow":["GET"]}}],"collection":[{"href":"https:\/\/ci.unsa.edu.ar\/index.php\/wp-json\/wp\/v2\/pages"}],"about":[{"href":"https:\/\/ci.unsa.edu.ar\/index.php\/wp-json\/wp\/v2\/types\/page"}],"author":[{"embeddable":true,"href":"https:\/\/ci.unsa.edu.ar\/index.php\/wp-json\/wp\/v2\/users\/1"}],"replies":[{"embeddable":true,"href":"https:\/\/ci.unsa.edu.ar\/index.php\/wp-json\/wp\/v2\/comments?post=73"}],"version-history":[{"count":2,"href":"https:\/\/ci.unsa.edu.ar\/index.php\/wp-json\/wp\/v2\/pages\/73\/revisions"}],"predecessor-version":[{"id":1201,"href":"https:\/\/ci.unsa.edu.ar\/index.php\/wp-json\/wp\/v2\/pages\/73\/revisions\/1201"}],"wp:featuredmedia":[{"embeddable":true,"href":"https:\/\/ci.unsa.edu.ar\/index.php\/wp-json\/wp\/v2\/media\/1207"}],"wp:attachment":[{"href":"https:\/\/ci.unsa.edu.ar\/index.php\/wp-json\/wp\/v2\/media?parent=73"}],"curies":[{"name":"wp","href":"https:\/\/api.w.org\/{rel}","templated":true}]}}