{"id":71,"date":"2024-02-28T15:37:01","date_gmt":"2024-02-28T18:37:01","guid":{"rendered":"https:\/\/ci.unsa.edu.ar\/?page_id=71"},"modified":"2026-02-02T13:30:47","modified_gmt":"2026-02-02T16:30:47","slug":"becas","status":"publish","type":"page","link":"https:\/\/ci.unsa.edu.ar\/index.php\/becas\/","title":{"rendered":"Becas"},"content":{"rendered":"<h3 data-path-to-node=\"4\">Becas de Investigaci\u00f3n<\/h3>\n<p data-path-to-node=\"5\">El Consejo de Investigaci\u00f3n de la Universidad Nacional de Salta gestiona programas de becas destinados a estudiantes y graduados, con el objetivo de incentivar la formaci\u00f3n continua y la integraci\u00f3n en la comunidad cient\u00edfica institucional. La determinaci\u00f3n anual de cupos, duraciones y calendarios se establece mediante resoluci\u00f3n del CIUNSa, garantizando la distribuci\u00f3n en todas las facultades y sedes regionales.<\/p>\n<h4 data-path-to-node=\"6\">Becas Internas (CIUNSa)<\/h4>\n<p data-path-to-node=\"7\"><b data-path-to-node=\"7\" data-index-in-node=\"0\">1. BIEA: Beca Interna para Estudiantes Avanzados<\/b> Destinadas a estudiantes con el 50% o m\u00e1s de la carrera aprobada y un promedio general m\u00ednimo de 6 (seis), incluidos aplazos.<\/p>\n<ul data-path-to-node=\"8\">\n<li>\n<p data-path-to-node=\"8,0,0\"><b data-path-to-node=\"8,0,0\" data-index-in-node=\"0\">Reglamento vigente:<\/b> <a class=\"ng-star-inserted\" href=\"https:\/\/ci.unsa.edu.ar\/wp-content\/uploads\/2025\/04\/R-CI-2023-0058.pdf\" target=\"_blank\" rel=\"noopener\" data-hveid=\"0\" data-ved=\"0CAAQ_4QMahgKEwj3x7qb57qSAxUAAAAAHQAAAAAQ1wI\">Resoluci\u00f3n CI N\u00b0 0058\/23<\/a><\/p>\n<\/li>\n<li>\n<p data-path-to-node=\"8,1,0\"><b data-path-to-node=\"8,1,0\" data-index-in-node=\"0\">Convocatoria 2025 &#8211; Facultades:<\/b> <a class=\"ng-star-inserted\" href=\"https:\/\/ci.unsa.edu.ar\/wp-content\/uploads\/2025\/04\/R-CI-2025-0067.pdf\" target=\"_blank\" rel=\"noopener\" data-hveid=\"0\" data-ved=\"0CAAQ_4QMahgKEwj3x7qb57qSAxUAAAAAHQAAAAAQ2AI\">Resoluci\u00f3n CI N\u00b0 0067\/25<\/a><\/p>\n<\/li>\n<li>\n<p data-path-to-node=\"8,2,0\"><b data-path-to-node=\"8,2,0\" data-index-in-node=\"0\">Convocatoria 2025 &#8211; Sedes Regionales:<\/b> <a class=\"ng-star-inserted\" href=\"https:\/\/ci.unsa.edu.ar\/wp-content\/uploads\/2025\/04\/R-CI-2025-0069.pdf\" target=\"_blank\" rel=\"noopener\" data-hveid=\"0\" data-ved=\"0CAAQ_4QMahgKEwj3x7qb57qSAxUAAAAAHQAAAAAQ2QI\">Resoluci\u00f3n CI N\u00b0 0069\/25<\/a><\/p>\n<\/li>\n<\/ul>\n<p>&nbsp;<\/p>\n<p data-path-to-node=\"9\"><b data-path-to-node=\"9\" data-index-in-node=\"0\">2. BIG: Beca Interna para Graduados<\/b> Orientadas exclusivamente a la realizaci\u00f3n de carreras de doctorado acreditadas en la Universidad Nacional de Salta. Los postulantes deben ser graduados de carreras con una duraci\u00f3n m\u00ednima de 4 (cuatro) a\u00f1os.<\/p>\n<h4 style=\"text-align: left;\" data-path-to-node=\"10\">Becas Externas y de Cooperaci\u00f3n<\/h4>\n<p data-path-to-node=\"11\"><b data-path-to-node=\"11\" data-index-in-node=\"0\">Becas Est\u00edmulo a las Vocaciones Cient\u00edficas (EVC-CIN)<\/b> Programa del Consejo Interuniversitario Nacional (CIN) para estudiantes de grado que inicien su formaci\u00f3n en investigaci\u00f3n. El CIUNSa act\u00faa como organismo gestor y evaluador de estas plazas.<\/p>\n<ul data-path-to-node=\"12\">\n<li>\n<p data-path-to-node=\"12,0,0\"><b data-path-to-node=\"12,0,0\" data-index-in-node=\"0\">Consultas y Preguntas Frecuentes:<\/b> <a class=\"ng-star-inserted\" href=\"https:\/\/evc.cin.edu.ar\/preguntas-frecuentes\/estudiantes\" target=\"_blank\" rel=\"noopener\" data-hveid=\"0\" data-ved=\"0CAAQ_4QMahgKEwj3x7qb57qSAxUAAAAAHQAAAAAQ2gI\">Portal EVC-CIN<\/a><\/p>\n<\/li>\n<\/ul>\n","protected":false},"excerpt":{"rendered":"<p>Becas de Investigaci\u00f3n El Consejo de Investigaci\u00f3n de la Universidad Nacional de Salta gestiona programas de becas destinados a estudiantes y graduados, con el objetivo de incentivar la formaci\u00f3n continua y la integraci\u00f3n en la comunidad cient\u00edfica institucional. La determinaci\u00f3n anual de cupos, duraciones y calendarios se establece mediante resoluci\u00f3n del CIUNSa, garantizando la distribuci\u00f3n [&hellip;]<\/p>\n","protected":false},"author":1,"featured_media":1190,"parent":0,"menu_order":0,"comment_status":"closed","ping_status":"closed","template":"","meta":{"_acf_changed":false,"footnotes":""},"class_list":["post-71","page","type-page","status-publish","has-post-thumbnail","hentry"],"acf":[],"_links":{"self":[{"href":"https:\/\/ci.unsa.edu.ar\/index.php\/wp-json\/wp\/v2\/pages\/71","targetHints":{"allow":["GET"]}}],"collection":[{"href":"https:\/\/ci.unsa.edu.ar\/index.php\/wp-json\/wp\/v2\/pages"}],"about":[{"href":"https:\/\/ci.unsa.edu.ar\/index.php\/wp-json\/wp\/v2\/types\/page"}],"author":[{"embeddable":true,"href":"https:\/\/ci.unsa.edu.ar\/index.php\/wp-json\/wp\/v2\/users\/1"}],"replies":[{"embeddable":true,"href":"https:\/\/ci.unsa.edu.ar\/index.php\/wp-json\/wp\/v2\/comments?post=71"}],"version-history":[{"count":28,"href":"https:\/\/ci.unsa.edu.ar\/index.php\/wp-json\/wp\/v2\/pages\/71\/revisions"}],"predecessor-version":[{"id":1194,"href":"https:\/\/ci.unsa.edu.ar\/index.php\/wp-json\/wp\/v2\/pages\/71\/revisions\/1194"}],"wp:featuredmedia":[{"embeddable":true,"href":"https:\/\/ci.unsa.edu.ar\/index.php\/wp-json\/wp\/v2\/media\/1190"}],"wp:attachment":[{"href":"https:\/\/ci.unsa.edu.ar\/index.php\/wp-json\/wp\/v2\/media?parent=71"}],"curies":[{"name":"wp","href":"https:\/\/api.w.org\/{rel}","templated":true}]}}