{"id":65,"date":"2024-02-28T15:36:30","date_gmt":"2024-02-28T18:36:30","guid":{"rendered":"https:\/\/ci.unsa.edu.ar\/?page_id=65"},"modified":"2026-02-05T09:18:04","modified_gmt":"2026-02-05T12:18:04","slug":"proyectos-y-programas","status":"publish","type":"page","link":"https:\/\/ci.unsa.edu.ar\/index.php\/proyectos-y-programas\/","title":{"rendered":"Proyectos y Programas"},"content":{"rendered":"<h4>El Consejo de Investigaci\u00f3n de la Universidad Nacional de Salta fomenta la producci\u00f3n cient\u00edfica a trav\u00e9s de diferentes l\u00edneas de financiamiento y apoyo t\u00e9cnico.\u00a0 Los investigadores podr\u00e1n encontrar la normativa vigente, los formularios de inscripci\u00f3n y las pautas para la gesti\u00f3n de proyectos aprobados.<\/h4>\n<p>A continuaci\u00f3n, se adjunta el reglamento oficial para la gesti\u00f3n de proyectos:<\/p>\n<p><a href=\"http:\/\/bo.unsa.edu.ar\/cci\/R2023\/R-CCI-2023-0046.pdf\">Ir al Reglamento<\/a><\/p>\n<p style=\"text-align: right;\">\n","protected":false},"excerpt":{"rendered":"<p>El Consejo de Investigaci\u00f3n de la Universidad Nacional de Salta fomenta la producci\u00f3n cient\u00edfica a trav\u00e9s de diferentes l\u00edneas de financiamiento y apoyo t\u00e9cnico.\u00a0 Los investigadores podr\u00e1n encontrar la normativa vigente, los formularios de inscripci\u00f3n y las pautas para la gesti\u00f3n de proyectos aprobados. A continuaci\u00f3n, se adjunta el reglamento oficial para la gesti\u00f3n de [&hellip;]<\/p>\n","protected":false},"author":1,"featured_media":1184,"parent":0,"menu_order":0,"comment_status":"closed","ping_status":"closed","template":"","meta":{"_acf_changed":false,"footnotes":""},"class_list":["post-65","page","type-page","status-publish","has-post-thumbnail","hentry"],"acf":[],"_links":{"self":[{"href":"https:\/\/ci.unsa.edu.ar\/index.php\/wp-json\/wp\/v2\/pages\/65","targetHints":{"allow":["GET"]}}],"collection":[{"href":"https:\/\/ci.unsa.edu.ar\/index.php\/wp-json\/wp\/v2\/pages"}],"about":[{"href":"https:\/\/ci.unsa.edu.ar\/index.php\/wp-json\/wp\/v2\/types\/page"}],"author":[{"embeddable":true,"href":"https:\/\/ci.unsa.edu.ar\/index.php\/wp-json\/wp\/v2\/users\/1"}],"replies":[{"embeddable":true,"href":"https:\/\/ci.unsa.edu.ar\/index.php\/wp-json\/wp\/v2\/comments?post=65"}],"version-history":[{"count":11,"href":"https:\/\/ci.unsa.edu.ar\/index.php\/wp-json\/wp\/v2\/pages\/65\/revisions"}],"predecessor-version":[{"id":1224,"href":"https:\/\/ci.unsa.edu.ar\/index.php\/wp-json\/wp\/v2\/pages\/65\/revisions\/1224"}],"wp:featuredmedia":[{"embeddable":true,"href":"https:\/\/ci.unsa.edu.ar\/index.php\/wp-json\/wp\/v2\/media\/1184"}],"wp:attachment":[{"href":"https:\/\/ci.unsa.edu.ar\/index.php\/wp-json\/wp\/v2\/media?parent=65"}],"curies":[{"name":"wp","href":"https:\/\/api.w.org\/{rel}","templated":true}]}}