{"id":446,"date":"2024-04-15T13:04:08","date_gmt":"2024-04-15T16:04:08","guid":{"rendered":"https:\/\/ci.unsa.edu.ar\/?page_id=446"},"modified":"2025-05-21T13:18:54","modified_gmt":"2025-05-21T16:18:54","slug":"proyectos-en-ejecucion","status":"publish","type":"page","link":"https:\/\/ci.unsa.edu.ar\/index.php\/proyectos-y-programas\/proyectos-en-ejecucion\/","title":{"rendered":"Proyectos en ejecuci\u00f3n"},"content":{"rendered":"<h4 style=\"text-align: center;\"><strong><span style=\"color: #339966;\">LISTADO DE PROYECTOS EN EJECUCI\u00d3N 2025<\/span><\/strong><\/h4>\n<p><span style=\"font-weight: 400;\"><a href=\"https:\/\/ci.unsa.edu.ar\/wp-content\/uploads\/2025\/05\/NATURALES.pdf\" class=\"box-link\"><img decoding=\"async\" src=\"https:\/\/ci.unsa.edu.ar\/wp-content\/themes\/ciunsathemes\/img\/icono-pdf.svg\" alt=\"Icono PDF\" class=\"w-[40px] h-[40px]\"><span>Proyectos en ejecuci\u00f3n Facultad de Ciencias Naturales<\/span><\/a><\/span><\/p>\n<p><span style=\"font-weight: 400;\"><a href=\"https:\/\/ci.unsa.edu.ar\/wp-content\/uploads\/2025\/05\/SALUD.pdf\" class=\"box-link\"><img decoding=\"async\" src=\"https:\/\/ci.unsa.edu.ar\/wp-content\/themes\/ciunsathemes\/img\/icono-pdf.svg\" alt=\"Icono PDF\" class=\"w-[40px] h-[40px]\"><span>Proyectos en ejecuci\u00f3n Facultad de Ciencias de la Salud<\/span><\/a><\/span><\/p>\n<p><span style=\"font-weight: 400;\"><a href=\"https:\/\/ci.unsa.edu.ar\/wp-content\/uploads\/2025\/05\/ECONOMICAS.pdf\" class=\"box-link\"><img decoding=\"async\" src=\"https:\/\/ci.unsa.edu.ar\/wp-content\/themes\/ciunsathemes\/img\/icono-pdf.svg\" alt=\"Icono PDF\" class=\"w-[40px] h-[40px]\"><span>Proyectos en ejecuci\u00f3n Facultad de Ciencias Econ\u00f3micas<\/span><\/a><\/span><\/p>\n<p><span style=\"font-weight: 400;\"><a href=\"https:\/\/ci.unsa.edu.ar\/wp-content\/uploads\/2025\/05\/EXACTAS.pdf\" class=\"box-link\"><img decoding=\"async\" src=\"https:\/\/ci.unsa.edu.ar\/wp-content\/themes\/ciunsathemes\/img\/icono-pdf.svg\" alt=\"Icono PDF\" class=\"w-[40px] h-[40px]\"><span>Proyectos en ejecuci\u00f3n Facultad de Ciencias Exactas<\/span><\/a><\/span><\/p>\n<p><span style=\"font-weight: 400;\"><a href=\"https:\/\/ci.unsa.edu.ar\/wp-content\/uploads\/2025\/05\/HUMANIDADES.pdf\" class=\"box-link\"><img decoding=\"async\" src=\"https:\/\/ci.unsa.edu.ar\/wp-content\/themes\/ciunsathemes\/img\/icono-pdf.svg\" alt=\"Icono PDF\" class=\"w-[40px] h-[40px]\"><span>Proyectos en ejecuci\u00f3n Facultad de Humanidades<\/span><\/a><\/span><\/p>\n<p><span style=\"font-weight: 400;\"><a href=\"https:\/\/ci.unsa.edu.ar\/wp-content\/uploads\/2025\/05\/INGENIERIA.pdf\" class=\"box-link\"><img decoding=\"async\" src=\"https:\/\/ci.unsa.edu.ar\/wp-content\/themes\/ciunsathemes\/img\/icono-pdf.svg\" alt=\"Icono PDF\" class=\"w-[40px] h-[40px]\"><span>Proyectos en ejecuci\u00f3n Facultad de Ingenier\u00eda<\/span><\/a><\/span><\/p>\n<p><span style=\"font-weight: 400;\"><a href=\"https:\/\/ci.unsa.edu.ar\/wp-content\/uploads\/2025\/05\/TARTAGAL.pdf\" class=\"box-link\"><img decoding=\"async\" src=\"https:\/\/ci.unsa.edu.ar\/wp-content\/themes\/ciunsathemes\/img\/icono-pdf.svg\" alt=\"Icono PDF\" class=\"w-[40px] h-[40px]\"><span>Proyectos en ejecuci\u00f3n Sede Regional en transici\u00f3n a Facultad de Tartagal<\/span><\/a><\/span><\/p>\n<p><span style=\"font-weight: 400;\"><a href=\"https:\/\/ci.unsa.edu.ar\/wp-content\/uploads\/2025\/05\/ORAN.pdf\" class=\"box-link\"><img decoding=\"async\" src=\"https:\/\/ci.unsa.edu.ar\/wp-content\/themes\/ciunsathemes\/img\/icono-pdf.svg\" alt=\"Icono PDF\" class=\"w-[40px] h-[40px]\"><span>Proyectos en ejecuci\u00f3n Sede Regional en transici\u00f3n a Facultad de Or\u00e1n<\/span><\/a><\/span><\/p>\n<p><span style=\"font-weight: 400;\"><a href=\"https:\/\/ci.unsa.edu.ar\/wp-content\/uploads\/2025\/05\/SUR.pdf\" class=\"box-link\"><img decoding=\"async\" src=\"https:\/\/ci.unsa.edu.ar\/wp-content\/themes\/ciunsathemes\/img\/icono-pdf.svg\" alt=\"Icono PDF\" class=\"w-[40px] h-[40px]\"><span>Proyectos en ejecuci\u00f3n Sede Regional Sur<\/span><\/a><\/span><\/p>\n<p>&nbsp;<\/p>\n<p>&nbsp;<\/p>\n","protected":false},"excerpt":{"rendered":"<p>LISTADO DE PROYECTOS EN EJECUCI\u00d3N 2025 &nbsp; &nbsp;<\/p>\n","protected":false},"author":1,"featured_media":0,"parent":65,"menu_order":0,"comment_status":"closed","ping_status":"closed","template":"","meta":{"_acf_changed":false,"footnotes":""},"class_list":["post-446","page","type-page","status-publish","hentry"],"acf":[],"_links":{"self":[{"href":"https:\/\/ci.unsa.edu.ar\/index.php\/wp-json\/wp\/v2\/pages\/446","targetHints":{"allow":["GET"]}}],"collection":[{"href":"https:\/\/ci.unsa.edu.ar\/index.php\/wp-json\/wp\/v2\/pages"}],"about":[{"href":"https:\/\/ci.unsa.edu.ar\/index.php\/wp-json\/wp\/v2\/types\/page"}],"author":[{"embeddable":true,"href":"https:\/\/ci.unsa.edu.ar\/index.php\/wp-json\/wp\/v2\/users\/1"}],"replies":[{"embeddable":true,"href":"https:\/\/ci.unsa.edu.ar\/index.php\/wp-json\/wp\/v2\/comments?post=446"}],"version-history":[{"count":17,"href":"https:\/\/ci.unsa.edu.ar\/index.php\/wp-json\/wp\/v2\/pages\/446\/revisions"}],"predecessor-version":[{"id":1004,"href":"https:\/\/ci.unsa.edu.ar\/index.php\/wp-json\/wp\/v2\/pages\/446\/revisions\/1004"}],"up":[{"embeddable":true,"href":"https:\/\/ci.unsa.edu.ar\/index.php\/wp-json\/wp\/v2\/pages\/65"}],"wp:attachment":[{"href":"https:\/\/ci.unsa.edu.ar\/index.php\/wp-json\/wp\/v2\/media?parent=446"}],"curies":[{"name":"wp","href":"https:\/\/api.w.org\/{rel}","templated":true}]}}